{"id":4019,"date":"2016-02-17T18:51:40","date_gmt":"2016-02-17T17:51:40","guid":{"rendered":"http:\/\/theosnotizen.com\/?page_id=4019"},"modified":"2016-02-17T18:51:40","modified_gmt":"2016-02-17T17:51:40","slug":"links-zum-durchforschen","status":"publish","type":"page","link":"https:\/\/billetdetheo.com\/theosnotizen\/links-zum-durchforschen\/","title":{"rendered":"ABSUCHBARE LINKS"},"content":{"rendered":"<h2>Die Biblischen Sprachen entdecken<\/h2>\n<p style=\"text-align: center\"><a href=\"https:\/\/theosnotizen.com\/wp-content\/uploads\/2016\/02\/mirecurensia-allemand.jpg\" target=\"_blank\" rel=\"noopener\"><img fetchpriority=\"high\" decoding=\"async\" class=\"alignnone wp-image-4254 size-full\" title=\"Biblia Mirecurensia\" src=\"https:\/\/theosnotizen.com\/wp-content\/uploads\/2016\/02\/mirecurensia-allemand.jpg\" alt=\"links, biblische Sprachen, Biblia Mirecurensia\" width=\"1024\" height=\"163\" srcset=\"https:\/\/billetdetheo.com\/theosnotizen\/wp-content\/uploads\/sites\/7\/2016\/02\/mirecurensia-allemand.jpg 1024w, https:\/\/billetdetheo.com\/theosnotizen\/wp-content\/uploads\/sites\/7\/2016\/02\/mirecurensia-allemand-300x48.jpg 300w, https:\/\/billetdetheo.com\/theosnotizen\/wp-content\/uploads\/sites\/7\/2016\/02\/mirecurensia-allemand-768x122.jpg 768w\" sizes=\"(max-width: 1024px) 100vw, 1024px\" \/><\/a><\/p>\n<h3 class=\"p1\"><a href=\"http:\/\/biblia-mirecurensia.com\/de\/\" target=\"_blank\" rel=\"noopener noreferrer\"><strong>Biblia Mirecurensia<\/strong><\/a><\/h3>\n<p class=\"p1\">Ein Werkzeug zur Verbesserung der Lesegewandtheit in den Ursprachen der Bibel. Jetzt mit Audio- und Videoerg\u00e4nzungen.<\/p>\n<p class=\"p1\">Mp3-Aufnahmen der gesamten prophetischen und poetischen Schriften des Tanakh in Hebr\u00e4isch (Jesaja bis Esther).<\/p>\n<p class=\"p1\">Mp3-Aufnahmen des griechischen NSt, online seit Ende 2015.<\/p>\n<p class=\"p1\">F\u00fcr ein laufendes Anh\u00f6ren k\u00f6nnen Sie das Ganze auf Ihr Tablett oder Smartphone herunterladen.<\/p>\n<p class=\"p1\"><strong>Gl\u00fcckliches kostenloses Herunterladen und viel Vergn\u00fcgen beim Lesen!<\/strong><\/p>\n<h3><\/h3>\n","protected":false},"excerpt":{"rendered":"<p>Die Biblischen Sprachen entdecken Biblia Mirecurensia Ein Werkzeug zur Verbesserung der Lesegewandtheit in den Ursprachen der Bibel. Jetzt mit Audio- und Videoerg\u00e4nzungen. Mp3-Aufnahmen der gesamten prophetischen und poetischen Schriften des Tanakh in Hebr\u00e4isch (Jesaja bis Esther). Mp3-Aufnahmen des griechischen NSt, online seit Ende 2015. F\u00fcr ein laufendes Anh\u00f6ren k\u00f6nnen Sie das Ganze auf Ihr Tablett [&hellip;]<\/p>\n","protected":false},"author":2,"featured_media":4259,"parent":0,"menu_order":0,"comment_status":"closed","ping_status":"closed","template":"template-nosidebar.php","meta":{"footnotes":""},"class_list":["post-4019","page","type-page","status-publish","has-post-thumbnail","hentry","entry","has-media"],"_links":{"self":[{"href":"https:\/\/billetdetheo.com\/theosnotizen\/wp-json\/wp\/v2\/pages\/4019","targetHints":{"allow":["GET"]}}],"collection":[{"href":"https:\/\/billetdetheo.com\/theosnotizen\/wp-json\/wp\/v2\/pages"}],"about":[{"href":"https:\/\/billetdetheo.com\/theosnotizen\/wp-json\/wp\/v2\/types\/page"}],"author":[{"embeddable":true,"href":"https:\/\/billetdetheo.com\/theosnotizen\/wp-json\/wp\/v2\/users\/2"}],"replies":[{"embeddable":true,"href":"https:\/\/billetdetheo.com\/theosnotizen\/wp-json\/wp\/v2\/comments?post=4019"}],"version-history":[{"count":0,"href":"https:\/\/billetdetheo.com\/theosnotizen\/wp-json\/wp\/v2\/pages\/4019\/revisions"}],"wp:featuredmedia":[{"embeddable":true,"href":"https:\/\/billetdetheo.com\/theosnotizen\/wp-json\/wp\/v2\/media\/4259"}],"wp:attachment":[{"href":"https:\/\/billetdetheo.com\/theosnotizen\/wp-json\/wp\/v2\/media?parent=4019"}],"curies":[{"name":"wp","href":"https:\/\/api.w.org\/{rel}","templated":true}]}}