{"id":3862,"date":"2014-06-16T19:34:56","date_gmt":"2014-06-16T18:34:56","guid":{"rendered":"http:\/\/de.billetdetheo.com\/?page_id=4"},"modified":"2020-12-03T17:38:42","modified_gmt":"2020-12-03T16:38:42","slug":"wer-ist-theo","status":"publish","type":"page","link":"https:\/\/billetdetheo.com\/theosnotizen\/wer-ist-theo\/","title":{"rendered":"WER IST THEO ?"},"content":{"rendered":"<h2>Theo und die Webseite &#8222;Theos Notizen&#8220;<\/h2>\n<p>Billet de Theo mit seinen beiden Subdomain-Sites &#8211; Theos&#8217;Note auf Englisch und Theosnotizen auf Deutsch &#8211; wurde im Juni 2014 eingef\u00fchrt. Es ist ein Ort der Reflexion und des Austauschs \u00fcber die Bibel und den christlichen Glauben.<\/p>\n<p>Theo ist der Eigent\u00fcmer, Webmaster, Herausgeber und Autor.<br \/>\nEr hat einen Abschluss in Theologie (Master of Research an der Freien Fakult\u00e4t f\u00fcr Evangelische Theologie von Vaux sur Seine) und in franz\u00f6sischer Literatur und ist in Computersprache und Hilfsbeziehungen ausgebildet. Er gibt regelm\u00e4\u00dfig Kurse und predigt in einer ostfranz\u00f6sischen evangelischen Kirche.<\/p>\n<p>Die Artikel werden von Christen, M\u00e4nnern und Frauen, aktiven Mitgliedern und Kirchenf\u00fchrern verfasst..<\/p>\n<p>Billet de Theo wird von Infomaniak ausgerichtet,<br \/>\nRue Eug\u00e8ne-Marziano 25, 1227 Genf, Schweiz\u00a0+41 22 820 35 44<\/p>\n<h2>Angebot von Theos Notizen<\/h2>\n<ul>\n<li>Artikel \u00fcber die Bibel und den christlichen Glauben aus verschiedenen Gebieten : Theologie und biblische Lehre, Kirchenv\u00e4ter, Kirchengeschichte, christliche Psychologie, die Bibel in der Kunst\u2026 Das alles mit seiner jeweiligen m\u00f6glichen Anwendung im pers\u00f6nlichen Leben in den Verh\u00e4ltnissen der Familie und der Gesellschaft, und in der Gemeinde.Sie werden von Christen, M\u00e4nnern und Frauen, aktiven Mitgliedern und Kirchenf\u00fchrern verfasst. Sie k\u00f6nnen nach Kategorie, Titel oder Stichw\u00f6rtern (Tags) abgerufen werde<\/li>\n<\/ul>\n<h3><strong>Entdecken<\/strong><\/h3>\n<p>als Hilfe f\u00fcr Personen, die nichts oder nur wenig \u00fcber den biblischen Glauben wissen und sich eine eigene Vorstellung davon machen m\u00f6chten.<\/p>\n<h3><strong>Vertiefen<\/strong><\/h3>\n<p>Als Hilfe f\u00fcr Personen, die in ihrer Kenntnis der Bibel und in einem tieferen Verst\u00e4ndnis der christlichen Lehren fortschreiten m\u00f6chten.<\/p>\n<h3><strong>Erforschen<\/strong><\/h3>\n<ul>\n<li>Zusammenfassungen und Beurteilungen von B\u00fcchern mit Links zu den Verlagen und den Webseiten, die zus\u00e4tzliche Information anbieten\u00a0;<\/li>\n<li>Untersuchungen der Texte der Kirchenv\u00e4ter, der Theologen der Fr\u00fchkirche, sowie aktuellerer Theologen\u00a0;<\/li>\n<li>Ein theologisches Thema in ethischer oder psychologischer Hinsicht durch die Bibel oder die Kirchengeschichte hindurch oder in der Gegenwart\u00a0;<\/li>\n<li>Eine Untersuchung eines Gem\u00e4ldes eines gro\u00dfen Malers mit Bezug auf eine biblische Geschichte.<\/li>\n<\/ul>\n<h2>Benutzung der Webseite\u00a0:<\/h2>\n<p>Ihre Angaben sind durch <a href=\"http:\/\/creativecommons.org\/licenses\/by-nc-sa\/2.0\/fr\/\" target=\"_blank\" rel=\"noopener\">Creative Commons by-nc-sa<\/a> gesch\u00fctzt.<\/p>\n<p>Sie d\u00fcrfen besonders f\u00fcr das personliche Studium oder f\u00fcr die Verk\u00fcndigung benutzt und angepasst werden<\/p>\n<p>Herkunft (Quelle) angeben, keine kommerzielle Nutzung, Weitergabe unter den selben Bedingungen.<\/p>\n<p>Die Bilder sind durch ein anti-hotlinking-Verfahren gesch\u00fctzt.<\/p>\n<p><strong>Theo w\u00fcnscht Ihnen viel Freude beim Lesen!<\/strong><\/p>\n","protected":false},"excerpt":{"rendered":"<p>Theo und die Webseite &#8222;Theos Notizen&#8220; Billet de Theo mit seinen beiden Subdomain-Sites &#8211; Theos&#8217;Note auf Englisch und Theosnotizen auf Deutsch &#8211; wurde im Juni 2014 eingef\u00fchrt. Es ist ein Ort der Reflexion und des Austauschs \u00fcber die Bibel und den christlichen Glauben. Theo ist der Eigent\u00fcmer, Webmaster, Herausgeber und Autor. Er hat einen Abschluss [&hellip;]<\/p>\n","protected":false},"author":2,"featured_media":4285,"parent":0,"menu_order":0,"comment_status":"closed","ping_status":"closed","template":"","meta":{"footnotes":""},"class_list":["post-3862","page","type-page","status-publish","has-post-thumbnail","hentry","entry","has-media"],"_links":{"self":[{"href":"https:\/\/billetdetheo.com\/theosnotizen\/wp-json\/wp\/v2\/pages\/3862","targetHints":{"allow":["GET"]}}],"collection":[{"href":"https:\/\/billetdetheo.com\/theosnotizen\/wp-json\/wp\/v2\/pages"}],"about":[{"href":"https:\/\/billetdetheo.com\/theosnotizen\/wp-json\/wp\/v2\/types\/page"}],"author":[{"embeddable":true,"href":"https:\/\/billetdetheo.com\/theosnotizen\/wp-json\/wp\/v2\/users\/2"}],"replies":[{"embeddable":true,"href":"https:\/\/billetdetheo.com\/theosnotizen\/wp-json\/wp\/v2\/comments?post=3862"}],"version-history":[{"count":4,"href":"https:\/\/billetdetheo.com\/theosnotizen\/wp-json\/wp\/v2\/pages\/3862\/revisions"}],"predecessor-version":[{"id":4790,"href":"https:\/\/billetdetheo.com\/theosnotizen\/wp-json\/wp\/v2\/pages\/3862\/revisions\/4790"}],"wp:featuredmedia":[{"embeddable":true,"href":"https:\/\/billetdetheo.com\/theosnotizen\/wp-json\/wp\/v2\/media\/4285"}],"wp:attachment":[{"href":"https:\/\/billetdetheo.com\/theosnotizen\/wp-json\/wp\/v2\/media?parent=3862"}],"curies":[{"name":"wp","href":"https:\/\/api.w.org\/{rel}","templated":true}]}}